{"id":130,"date":"2026-02-13T11:11:45","date_gmt":"2026-02-13T11:11:45","guid":{"rendered":"https:\/\/sinergialocal.cat\/politica-de-cookies\/"},"modified":"2026-03-26T16:10:28","modified_gmt":"2026-03-26T16:10:28","slug":"politica-de-cookies","status":"publish","type":"page","link":"https:\/\/sinergialocal.cat\/es\/politica-de-cookies\/","title":{"rendered":"Pol\u00edtica de Cookies"},"content":{"rendered":"\t\t<div data-elementor-type=\"wp-page\" data-elementor-id=\"130\" class=\"elementor elementor-130 elementor-89\">\n\t\t\t\t<div class=\"elementor-element elementor-element-d97e41d e-flex e-con-boxed e-con e-parent\" data-id=\"d97e41d\" data-element_type=\"container\" data-e-type=\"container\">\n\t\t\t\t\t<div class=\"e-con-inner\">\n\t\t\t\t<div class=\"elementor-element elementor-element-2f4f232a elementor-widget elementor-widget-text-editor\" data-id=\"2f4f232a\" data-element_type=\"widget\" data-e-type=\"widget\" data-widget_type=\"text-editor.default\">\n\t\t\t\t<div class=\"elementor-widget-container\">\n\t\t\t\t\t\t\t\t\t<h3 data-path-to-node=\"4\">1. \u00bfQu\u00e9 son las cookies?<\/h3><p data-path-to-node=\"5\">Las cookies (o galletas) son peque\u00f1os archivos de texto que se descargan en los ordenadores, tabletas o tel\u00e9fonos inteligentes al acceder a determinadas p\u00e1ginas web. Permiten que una web, entre otras cosas, almacene y recupere informaci\u00f3n sobre los h\u00e1bitos de navegaci\u00f3n de un usuario para mejorar el servicio. <\/p><h3 data-path-to-node=\"6\">2. \u00bfQu\u00e9 tipos de cookies utiliza sinergialocal.cat?<br><br><\/h3><p data-path-to-node=\"7\">Seg\u00fan su finalidad, en esta web utilizamos:<\/p><table data-path-to-node=\"8\"><thead><tr><td><strong>Tipos de Cookies<\/strong><\/td><td><strong>Descripci\u00f3n<\/strong><\/td><\/tr><\/thead><tbody><tr><td><span data-path-to-node=\"8,1,0,0\"><b data-path-to-node=\"8,1,0,0\" data-index-in-node=\"0\">T\u00e9cnicas<\/b><\/span><\/td><td>Son estrictamente necesarias para el funcionamiento de la web (como la cesta de la compra o el inicio de sesi\u00f3n). No requieren consentimiento.<\/td><\/tr><tr><td><span data-path-to-node=\"8,2,0,0\"><b data-path-to-node=\"8,2,0,0\" data-index-in-node=\"0\">De Personalizaci\u00f3n<\/b><\/span><\/td><td><span data-path-to-node=\"8,2,1,0\">Permiten recordar opciones como el idioma o la regi\u00f3n desde donde el usuario accede.<\/span><\/td><\/tr><tr><td><span data-path-to-node=\"8,3,0,0\"><b data-path-to-node=\"8,3,0,0\" data-index-in-node=\"0\">De An\u00e1lisis<\/b><\/span><\/td><td><span data-path-to-node=\"8,3,1,0\">Permiten cuantificar el n\u00famero de usuarios y realizar la medici\u00f3n y el an\u00e1lisis estad\u00edstico del uso que hacen los usuarios de la web (ej. Google Analytics).<\/span><\/td><\/tr><tr><td><span data-path-to-node=\"8,4,0,0\"><b data-path-to-node=\"8,4,0,0\" data-index-in-node=\"0\">Publicitarias<\/b><\/span><\/td><td>Gestionan la oferta de los espacios publicitarios de la web seg\u00fan el perfil del usuario.<\/td><\/tr><\/tbody><\/table><h3 data-path-to-node=\"9\">3. Cookies de terceros<\/h3><p data-path-to-node=\"10\">Es posible que utilicemos servicios de terceros que recopilen informaci\u00f3n con fines estad\u00edsticos y de prestaci\u00f3n de servicios:<\/p><ul data-path-to-node=\"11\"><li><p data-path-to-node=\"11,0,0\">Google Analytics: Para analizar el tr\u00e1nsito y el comportamiento de los usuarios.<\/p><\/li><li><p data-path-to-node=\"11,1,0\">Redes Sociales: Para permitir compartir contenidos (LinkedIn, Twitter, Facebook).<\/p><\/li><\/ul><h3 data-path-to-node=\"12\">4. \u00bfC\u00f3mo puedes configurar o desactivar las cookies?<\/h3><p data-path-to-node=\"13\">Como usuario, tienes derecho a aceptar, configurar o rechazar el uso de cookies. Puedes hacerlo a trav\u00e9s del <b data-path-to-node=\"13\" data-index-in-node=\"100\">panel de configuraci\u00f3n<\/b> que aparece al entrar a la web o modificando las preferencias de tu navegador: <\/p><ul data-path-to-node=\"14\"><li><p data-path-to-node=\"14,0,0\"><b data-path-to-node=\"14,0,0\" data-index-in-node=\"0\">Google Chrome: <\/b>Configuraci\u00f3n &gt;Privacidad y seguridad &gt;Cookies.<\/p><\/li><li><p data-path-to-node=\"14,1,0\"><b data-path-to-node=\"14,1,0\" data-index-in-node=\"0\">Mozilla Firefox: <\/b>Opciones&gt; Privacidad y seguridad&gt;Cookies.<br><\/p><\/li><li><p data-path-to-node=\"14,2,0\"><b data-path-to-node=\"14,2,0\" data-index-in-node=\"0\">Safari: <\/b>Preferencia&gt; Privacidad<\/p><\/li><li><p data-path-to-node=\"14,3,0\"><b data-path-to-node=\"14,3,0\" data-index-in-node=\"0\">Microsoft Edge: <\/b>Configuraci\u00f3n&gt;Cookies y permisos del sitio.<\/p><\/li><\/ul><p data-path-to-node=\"15\">Si desactivas las cookies, es posible que algunas funciones de la web no funcionen correctamente.<\/p><h3 data-path-to-node=\"16\">5. Actualizaciones<\/h3><p data-path-to-node=\"17\">Podemos modificar esta Pol\u00edtica de Cookies en funci\u00f3n de nuevas exigencias legislativas o para adaptarla a las instrucciones de la Agencia Espa\u00f1ola de Protecci\u00f3n de Datos.<\/p><hr data-path-to-node=\"18\"><h3 data-path-to-node=\"19\">Consejo final para tu web:<\/h3><p data-path-to-node=\"20\">Recuerda que, por ley, debes tener un<b data-path-to-node=\"20\" data-index-in-node=\"39\"> Banner de Cookies <\/b>que aparezca nada m\u00e1s entrar a la web. Este banner debe tener tres botones claramente visibles: <\/p><ol start=\"1\" data-path-to-node=\"21\"><li><p data-path-to-node=\"21,0,0\"><b data-path-to-node=\"21,0,0\" data-index-in-node=\"0\">Aceptar todas<\/b><\/p><\/li><li><p data-path-to-node=\"21,1,0\"><b data-path-to-node=\"21,1,0\" data-index-in-node=\"0\">Rechazar todas<\/b> (o \u00abSolo las necesarias\u00bb)<br><\/p><\/li><li><p data-path-to-node=\"21,2,0\"><b data-path-to-node=\"21,2,0\" data-index-in-node=\"0\">Configurar <\/b>(donde el usuario pueda elegir cu\u00e1les quiere y cu\u00e1les no)<\/p><\/li><\/ol><blockquote data-path-to-node=\"22\"><p data-path-to-node=\"22,0\"><b data-path-to-node=\"22,0\" data-index-in-node=\"0\">Dato importante: <\/b>Hasta que el usuario no haga clic en \u00abAceptar\u00bb, no se deben cargar las cookies de an\u00e1lisis o publicidad.<\/p><\/blockquote>\t\t\t\t\t\t\t\t<\/div>\n\t\t\t\t<\/div>\n\t\t\t\t\t<\/div>\n\t\t\t\t<\/div>\n\t\t\t\t<\/div>\n\t\t","protected":false},"excerpt":{"rendered":"<p>1. \u00bfQu\u00e9 son las cookies? Las cookies (o galletas) son peque\u00f1os archivos de texto que se descargan en los ordenadores, tabletas o tel\u00e9fonos inteligentes al acceder a determinadas p\u00e1ginas web&#8230;.<\/p>\n","protected":false},"author":1,"featured_media":0,"parent":0,"menu_order":0,"comment_status":"closed","ping_status":"closed","template":"","meta":{"footnotes":""},"class_list":["post-130","page","type-page","status-publish","hentry"],"yoast_head":"<!-- This site is optimized with the Yoast SEO plugin v26.9 - https:\/\/yoast.com\/product\/yoast-seo-wordpress\/ -->\n<title>Pol\u00edtica de Cookies - Sinergia Local<\/title>\n<meta name=\"robots\" content=\"index, follow, max-snippet:-1, max-image-preview:large, max-video-preview:-1\" \/>\n<link rel=\"canonical\" href=\"https:\/\/sinergialocal.cat\/es\/politica-de-cookies\/\" \/>\n<meta property=\"og:locale\" content=\"es_ES\" \/>\n<meta property=\"og:type\" content=\"article\" \/>\n<meta property=\"og:title\" content=\"Pol\u00edtica de Cookies - Sinergia Local\" \/>\n<meta property=\"og:description\" content=\"1. \u00bfQu\u00e9 son las cookies? Las cookies (o galletas) son peque\u00f1os archivos de texto que se descargan en los ordenadores, tabletas o tel\u00e9fonos inteligentes al acceder a determinadas p\u00e1ginas web....\" \/>\n<meta property=\"og:url\" content=\"https:\/\/sinergialocal.cat\/es\/politica-de-cookies\/\" \/>\n<meta property=\"og:site_name\" content=\"Sinergia Local\" \/>\n<meta property=\"article:modified_time\" content=\"2026-03-26T16:10:28+00:00\" \/>\n<meta name=\"twitter:card\" content=\"summary_large_image\" \/>\n<meta name=\"twitter:label1\" content=\"Tiempo de lectura\" \/>\n\t<meta name=\"twitter:data1\" content=\"2 minutos\" \/>\n<script type=\"application\/ld+json\" class=\"yoast-schema-graph\">{\"@context\":\"https:\/\/schema.org\",\"@graph\":[{\"@type\":\"WebPage\",\"@id\":\"https:\/\/sinergialocal.cat\/es\/politica-de-cookies\/\",\"url\":\"https:\/\/sinergialocal.cat\/es\/politica-de-cookies\/\",\"name\":\"Pol\u00edtica de Cookies - Sinergia Local\",\"isPartOf\":{\"@id\":\"https:\/\/sinergialocal.cat\/es\/#website\"},\"datePublished\":\"2026-02-13T11:11:45+00:00\",\"dateModified\":\"2026-03-26T16:10:28+00:00\",\"breadcrumb\":{\"@id\":\"https:\/\/sinergialocal.cat\/es\/politica-de-cookies\/#breadcrumb\"},\"inLanguage\":\"es\",\"potentialAction\":[{\"@type\":\"ReadAction\",\"target\":[\"https:\/\/sinergialocal.cat\/es\/politica-de-cookies\/\"]}]},{\"@type\":\"BreadcrumbList\",\"@id\":\"https:\/\/sinergialocal.cat\/es\/politica-de-cookies\/#breadcrumb\",\"itemListElement\":[{\"@type\":\"ListItem\",\"position\":1,\"name\":\"Inici\",\"item\":\"https:\/\/sinergialocal.cat\/es\/inicio\/\"},{\"@type\":\"ListItem\",\"position\":2,\"name\":\"Pol\u00edtica de Cookies\"}]},{\"@type\":\"WebSite\",\"@id\":\"https:\/\/sinergialocal.cat\/es\/#website\",\"url\":\"https:\/\/sinergialocal.cat\/es\/\",\"name\":\"Sinergia Local\",\"description\":\"\",\"publisher\":{\"@id\":\"https:\/\/sinergialocal.cat\/es\/#organization\"},\"potentialAction\":[{\"@type\":\"SearchAction\",\"target\":{\"@type\":\"EntryPoint\",\"urlTemplate\":\"https:\/\/sinergialocal.cat\/es\/?s={search_term_string}\"},\"query-input\":{\"@type\":\"PropertyValueSpecification\",\"valueRequired\":true,\"valueName\":\"search_term_string\"}}],\"inLanguage\":\"es\"},{\"@type\":\"Organization\",\"@id\":\"https:\/\/sinergialocal.cat\/es\/#organization\",\"name\":\"Sinergia Local\",\"url\":\"https:\/\/sinergialocal.cat\/es\/\",\"logo\":{\"@type\":\"ImageObject\",\"inLanguage\":\"es\",\"@id\":\"https:\/\/sinergialocal.cat\/es\/#\/schema\/logo\/image\/\",\"url\":\"https:\/\/sinergialocal.cat\/wp-content\/uploads\/2026\/02\/logo-sinergialocal.jpg\",\"contentUrl\":\"https:\/\/sinergialocal.cat\/wp-content\/uploads\/2026\/02\/logo-sinergialocal.jpg\",\"width\":696,\"height\":113,\"caption\":\"Sinergia Local\"},\"image\":{\"@id\":\"https:\/\/sinergialocal.cat\/es\/#\/schema\/logo\/image\/\"},\"sameAs\":[\"https:\/\/linkedin.com\/company\/sinergia-local-advocats-slp\/\"]}]}<\/script>\n<!-- \/ Yoast SEO plugin. -->","yoast_head_json":{"title":"Pol\u00edtica de Cookies - Sinergia Local","robots":{"index":"index","follow":"follow","max-snippet":"max-snippet:-1","max-image-preview":"max-image-preview:large","max-video-preview":"max-video-preview:-1"},"canonical":"https:\/\/sinergialocal.cat\/es\/politica-de-cookies\/","og_locale":"es_ES","og_type":"article","og_title":"Pol\u00edtica de Cookies - Sinergia Local","og_description":"1. \u00bfQu\u00e9 son las cookies? Las cookies (o galletas) son peque\u00f1os archivos de texto que se descargan en los ordenadores, tabletas o tel\u00e9fonos inteligentes al acceder a determinadas p\u00e1ginas web....","og_url":"https:\/\/sinergialocal.cat\/es\/politica-de-cookies\/","og_site_name":"Sinergia Local","article_modified_time":"2026-03-26T16:10:28+00:00","twitter_card":"summary_large_image","twitter_misc":{"Tiempo de lectura":"2 minutos"},"schema":{"@context":"https:\/\/schema.org","@graph":[{"@type":"WebPage","@id":"https:\/\/sinergialocal.cat\/es\/politica-de-cookies\/","url":"https:\/\/sinergialocal.cat\/es\/politica-de-cookies\/","name":"Pol\u00edtica de Cookies - Sinergia Local","isPartOf":{"@id":"https:\/\/sinergialocal.cat\/es\/#website"},"datePublished":"2026-02-13T11:11:45+00:00","dateModified":"2026-03-26T16:10:28+00:00","breadcrumb":{"@id":"https:\/\/sinergialocal.cat\/es\/politica-de-cookies\/#breadcrumb"},"inLanguage":"es","potentialAction":[{"@type":"ReadAction","target":["https:\/\/sinergialocal.cat\/es\/politica-de-cookies\/"]}]},{"@type":"BreadcrumbList","@id":"https:\/\/sinergialocal.cat\/es\/politica-de-cookies\/#breadcrumb","itemListElement":[{"@type":"ListItem","position":1,"name":"Inici","item":"https:\/\/sinergialocal.cat\/es\/inicio\/"},{"@type":"ListItem","position":2,"name":"Pol\u00edtica de Cookies"}]},{"@type":"WebSite","@id":"https:\/\/sinergialocal.cat\/es\/#website","url":"https:\/\/sinergialocal.cat\/es\/","name":"Sinergia Local","description":"","publisher":{"@id":"https:\/\/sinergialocal.cat\/es\/#organization"},"potentialAction":[{"@type":"SearchAction","target":{"@type":"EntryPoint","urlTemplate":"https:\/\/sinergialocal.cat\/es\/?s={search_term_string}"},"query-input":{"@type":"PropertyValueSpecification","valueRequired":true,"valueName":"search_term_string"}}],"inLanguage":"es"},{"@type":"Organization","@id":"https:\/\/sinergialocal.cat\/es\/#organization","name":"Sinergia Local","url":"https:\/\/sinergialocal.cat\/es\/","logo":{"@type":"ImageObject","inLanguage":"es","@id":"https:\/\/sinergialocal.cat\/es\/#\/schema\/logo\/image\/","url":"https:\/\/sinergialocal.cat\/wp-content\/uploads\/2026\/02\/logo-sinergialocal.jpg","contentUrl":"https:\/\/sinergialocal.cat\/wp-content\/uploads\/2026\/02\/logo-sinergialocal.jpg","width":696,"height":113,"caption":"Sinergia Local"},"image":{"@id":"https:\/\/sinergialocal.cat\/es\/#\/schema\/logo\/image\/"},"sameAs":["https:\/\/linkedin.com\/company\/sinergia-local-advocats-slp\/"]}]}},"_links":{"self":[{"href":"https:\/\/sinergialocal.cat\/es\/wp-json\/wp\/v2\/pages\/130","targetHints":{"allow":["GET"]}}],"collection":[{"href":"https:\/\/sinergialocal.cat\/es\/wp-json\/wp\/v2\/pages"}],"about":[{"href":"https:\/\/sinergialocal.cat\/es\/wp-json\/wp\/v2\/types\/page"}],"author":[{"embeddable":true,"href":"https:\/\/sinergialocal.cat\/es\/wp-json\/wp\/v2\/users\/1"}],"replies":[{"embeddable":true,"href":"https:\/\/sinergialocal.cat\/es\/wp-json\/wp\/v2\/comments?post=130"}],"version-history":[{"count":1,"href":"https:\/\/sinergialocal.cat\/es\/wp-json\/wp\/v2\/pages\/130\/revisions"}],"predecessor-version":[{"id":131,"href":"https:\/\/sinergialocal.cat\/es\/wp-json\/wp\/v2\/pages\/130\/revisions\/131"}],"wp:attachment":[{"href":"https:\/\/sinergialocal.cat\/es\/wp-json\/wp\/v2\/media?parent=130"}],"curies":[{"name":"wp","href":"https:\/\/api.w.org\/{rel}","templated":true}]}}