{"id":118,"date":"2026-02-12T16:51:23","date_gmt":"2026-02-12T16:51:23","guid":{"rendered":"https:\/\/sinergialocal.cat\/aviso-legal\/"},"modified":"2026-03-26T15:32:00","modified_gmt":"2026-03-26T15:32:00","slug":"aviso-legal","status":"publish","type":"page","link":"https:\/\/sinergialocal.cat\/es\/aviso-legal\/","title":{"rendered":"Aviso legal"},"content":{"rendered":"\t\t<div data-elementor-type=\"wp-page\" data-elementor-id=\"118\" class=\"elementor elementor-118 elementor-77\">\n\t\t\t\t<div class=\"elementor-element elementor-element-6374f897 e-flex e-con-boxed e-con e-parent\" data-id=\"6374f897\" data-element_type=\"container\" data-e-type=\"container\">\n\t\t\t\t\t<div class=\"e-con-inner\">\n\t\t\t\t<div class=\"elementor-element elementor-element-57a113bb elementor-widget elementor-widget-text-editor\" data-id=\"57a113bb\" data-element_type=\"widget\" data-e-type=\"widget\" data-widget_type=\"text-editor.default\">\n\t\t\t\t<div class=\"elementor-widget-container\">\n\t\t\t\t\t\t\t\t\t<h3 data-path-to-node=\"5\">1. Informaci\u00f3n General<\/h3><p data-path-to-node=\"6\">En cumplimiento del art\u00edculo 10 de la Ley 34\/2002, de 11 de julio, de Servicios de la Sociedad de la Informaci\u00f3n y Comercio Electr\u00f3nico (LSSI-CE), se informan los datos identificativos del titular del sitio web:<\/p><ul data-path-to-node=\"7\"><li><p data-path-to-node=\"7,0,0\"><b data-path-to-node=\"7,0,0\" data-index-in-node=\"0\">Titular: <\/b>SINERGIA LOCAL ADVOCATS S.L.P.<\/p><\/li><li><p data-path-to-node=\"7,1,0\"><b data-path-to-node=\"7,1,0\" data-index-in-node=\"0\">NIF\/CIF:<\/b> B75932939<\/p><\/li><li><p data-path-to-node=\"7,3,0\"><b data-path-to-node=\"7,3,0\" data-index-in-node=\"0\">Correo electr\u00f3nico:<\/b> <a href=\"mailto:xbonet@sinergialocal.cat\">xbonet@sinergialocal.cat<\/a><\/p><\/li><\/ul><h3 data-path-to-node=\"8\">2. Objeto<\/h3><p data-path-to-node=\"9\">\u00abEste sitio web, <b data-path-to-node=\"9\" data-index-in-node=\"17\">sinergialocal.cat<\/b>, tiene como finalidad [describir brevemente el objetivo: ej. ofrecer servicios de consultor\u00eda legal y estrat\u00e9gica, asesoramiento a administraciones p\u00fablicas, etc.]. El acceso y el uso de este sitio web atribuye la condici\u00f3n de usuario, lo cual implica la aceptaci\u00f3n plena y sin reservas de todas y cada una de las disposiciones incluidas en este Aviso Legal.\u00bb <\/p><h3 data-path-to-node=\"10\">3. Propiedad Intelectual e Industrial<\/h3><p data-path-to-node=\"11\">Todos los contenidos de este sitio web (textos, gr\u00e1ficos, fotograf\u00edas, logotipos, iconos, software, etc.) son propiedad de Sinergia Local o de sus licenciantes y est\u00e1n protegidos por las leyes de propiedad intelectual e industrial.<\/p><p data-path-to-node=\"12\">Queda prohibida la reproducci\u00f3n, distribuci\u00f3n o transformaci\u00f3n de cualquier contenido de esta web sin la autorizaci\u00f3n expresa y por escrito del titular.<\/p><h3 data-path-to-node=\"13\">4. Responsabilidad<\/h3><p data-path-to-node=\"14\">El titular no se hace responsable de los da\u00f1os y perjuicios que puedan derivarse de:<\/p><ul data-path-to-node=\"15\"><li><p data-path-to-node=\"15,0,0\">Interrupciones en el servicio, virus inform\u00e1ticos o fallos del sistema.<\/p><\/li><li><p data-path-to-node=\"15,1,0\">El uso indebido que los usuarios puedan hacer del contenido.<\/p><\/li><li><p data-path-to-node=\"15,2,0\">La informaci\u00f3n contenida en enlaces a terceros (links externos), ya que no se tiene control sobre dichos sitios.<\/p><\/li><\/ul><h3 data-path-to-node=\"16\">5. Protecci\u00f3n de Datos (RGPD)<\/h3><p data-path-to-node=\"17\">De conformidad con lo dispuesto en el Reglamento (UE) 2016\/679 (RGPD) y la Ley Org\u00e1nica 3\/2018 (LOPDGDD), los datos personales recogidos a trav\u00e9s de formularios o correos electr\u00f3nicos ser\u00e1n tratados con la finalidad de gestionar la comunicaci\u00f3n con el usuario. Puede consultar toda la informaci\u00f3n detallada en nuestra <b data-path-to-node=\"17\" data-index-in-node=\"297\">Pol\u00edtica de Privacidad<\/b>. <\/p><h3 data-path-to-node=\"18\">6. Legislaci\u00f3n Aplicable y Jurisprudencia<\/h3><p data-path-to-node=\"19\">Para la resoluci\u00f3n de cualquier conflicto o cuesti\u00f3n relacionada con este sitio web, ser\u00e1 de aplicaci\u00f3n la legislaci\u00f3n espa\u00f1ola, siendo competentes los Juzgados y Tribunales de Barcelona.<\/p>\t\t\t\t\t\t\t\t<\/div>\n\t\t\t\t<\/div>\n\t\t\t\t<div class=\"elementor-element elementor-element-d675337 elementor-widget elementor-widget-heading\" data-id=\"d675337\" data-element_type=\"widget\" data-e-type=\"widget\" data-widget_type=\"heading.default\">\n\t\t\t\t<div class=\"elementor-widget-container\">\n\t\t\t\t\t<h2 class=\"elementor-heading-title elementor-size-default\">Financiado por la Uni\u00f3n Europea \u2013 NextGenerationEU\n<\/h2>\t\t\t\t<\/div>\n\t\t\t\t<\/div>\n\t\t\t\t<div class=\"elementor-element elementor-element-b245f6f elementor-widget elementor-widget-image\" data-id=\"b245f6f\" data-element_type=\"widget\" data-e-type=\"widget\" data-widget_type=\"image.default\">\n\t\t\t\t<div class=\"elementor-widget-container\">\n\t\t\t\t\t\t\t\t\t\t\t\t\t\t\t<img fetchpriority=\"high\" decoding=\"async\" width=\"651\" height=\"91\" src=\"https:\/\/sinergialocal.cat\/wp-content\/uploads\/2026\/02\/Captura-de-pantalla-2025-05-29-a-les-13.36.12-2.webp\" class=\"attachment-large size-large wp-image-117\" alt=\"\" srcset=\"https:\/\/sinergialocal.cat\/wp-content\/uploads\/2026\/02\/Captura-de-pantalla-2025-05-29-a-les-13.36.12-2.webp 651w, https:\/\/sinergialocal.cat\/wp-content\/uploads\/2026\/02\/Captura-de-pantalla-2025-05-29-a-les-13.36.12-2-300x42.webp 300w\" sizes=\"(max-width: 651px) 100vw, 651px\" \/>\t\t\t\t\t\t\t\t\t\t\t\t\t\t\t<\/div>\n\t\t\t\t<\/div>\n\t\t\t\t\t<\/div>\n\t\t\t\t<\/div>\n\t\t\t\t<\/div>\n\t\t","protected":false},"excerpt":{"rendered":"<p>1. Informaci\u00f3n General En cumplimiento del art\u00edculo 10 de la Ley 34\/2002, de 11 de julio, de Servicios de la Sociedad de la Informaci\u00f3n y Comercio Electr\u00f3nico (LSSI-CE), se informan&#8230;<\/p>\n","protected":false},"author":1,"featured_media":0,"parent":0,"menu_order":0,"comment_status":"closed","ping_status":"closed","template":"","meta":{"footnotes":""},"class_list":["post-118","page","type-page","status-publish","hentry"],"yoast_head":"<!-- This site is optimized with the Yoast SEO plugin v26.9 - https:\/\/yoast.com\/product\/yoast-seo-wordpress\/ -->\n<title>Aviso legal - Sinergia Local<\/title>\n<meta name=\"robots\" content=\"index, follow, max-snippet:-1, max-image-preview:large, max-video-preview:-1\" \/>\n<link rel=\"canonical\" href=\"https:\/\/sinergialocal.cat\/es\/aviso-legal\/\" \/>\n<meta property=\"og:locale\" content=\"es_ES\" \/>\n<meta property=\"og:type\" content=\"article\" \/>\n<meta property=\"og:title\" content=\"Aviso legal - Sinergia Local\" \/>\n<meta property=\"og:description\" content=\"1. Informaci\u00f3n General En cumplimiento del art\u00edculo 10 de la Ley 34\/2002, de 11 de julio, de Servicios de la Sociedad de la Informaci\u00f3n y Comercio Electr\u00f3nico (LSSI-CE), se informan...\" \/>\n<meta property=\"og:url\" content=\"https:\/\/sinergialocal.cat\/es\/aviso-legal\/\" \/>\n<meta property=\"og:site_name\" content=\"Sinergia Local\" \/>\n<meta property=\"article:modified_time\" content=\"2026-03-26T15:32:00+00:00\" \/>\n<meta property=\"og:image\" content=\"https:\/\/sinergialocal.cat\/wp-content\/uploads\/2026\/02\/Captura-de-pantalla-2025-05-29-a-les-13.36.12-2.webp\" \/>\n\t<meta property=\"og:image:width\" content=\"651\" \/>\n\t<meta property=\"og:image:height\" content=\"91\" \/>\n\t<meta property=\"og:image:type\" content=\"image\/webp\" \/>\n<meta name=\"twitter:card\" content=\"summary_large_image\" \/>\n<meta name=\"twitter:label1\" content=\"Tiempo de lectura\" \/>\n\t<meta name=\"twitter:data1\" content=\"2 minutos\" \/>\n<script type=\"application\/ld+json\" class=\"yoast-schema-graph\">{\"@context\":\"https:\/\/schema.org\",\"@graph\":[{\"@type\":\"WebPage\",\"@id\":\"https:\/\/sinergialocal.cat\/es\/aviso-legal\/\",\"url\":\"https:\/\/sinergialocal.cat\/es\/aviso-legal\/\",\"name\":\"Aviso legal - Sinergia Local\",\"isPartOf\":{\"@id\":\"https:\/\/sinergialocal.cat\/es\/#website\"},\"primaryImageOfPage\":{\"@id\":\"https:\/\/sinergialocal.cat\/es\/aviso-legal\/#primaryimage\"},\"image\":{\"@id\":\"https:\/\/sinergialocal.cat\/es\/aviso-legal\/#primaryimage\"},\"thumbnailUrl\":\"https:\/\/sinergialocal.cat\/wp-content\/uploads\/2026\/02\/Captura-de-pantalla-2025-05-29-a-les-13.36.12-2.webp\",\"datePublished\":\"2026-02-12T16:51:23+00:00\",\"dateModified\":\"2026-03-26T15:32:00+00:00\",\"breadcrumb\":{\"@id\":\"https:\/\/sinergialocal.cat\/es\/aviso-legal\/#breadcrumb\"},\"inLanguage\":\"es\",\"potentialAction\":[{\"@type\":\"ReadAction\",\"target\":[\"https:\/\/sinergialocal.cat\/es\/aviso-legal\/\"]}]},{\"@type\":\"ImageObject\",\"inLanguage\":\"es\",\"@id\":\"https:\/\/sinergialocal.cat\/es\/aviso-legal\/#primaryimage\",\"url\":\"https:\/\/sinergialocal.cat\/wp-content\/uploads\/2026\/02\/Captura-de-pantalla-2025-05-29-a-les-13.36.12-2.webp\",\"contentUrl\":\"https:\/\/sinergialocal.cat\/wp-content\/uploads\/2026\/02\/Captura-de-pantalla-2025-05-29-a-les-13.36.12-2.webp\"},{\"@type\":\"BreadcrumbList\",\"@id\":\"https:\/\/sinergialocal.cat\/es\/aviso-legal\/#breadcrumb\",\"itemListElement\":[{\"@type\":\"ListItem\",\"position\":1,\"name\":\"Inici\",\"item\":\"https:\/\/sinergialocal.cat\/es\/inicio\/\"},{\"@type\":\"ListItem\",\"position\":2,\"name\":\"Aviso legal\"}]},{\"@type\":\"WebSite\",\"@id\":\"https:\/\/sinergialocal.cat\/es\/#website\",\"url\":\"https:\/\/sinergialocal.cat\/es\/\",\"name\":\"Sinergia Local\",\"description\":\"\",\"publisher\":{\"@id\":\"https:\/\/sinergialocal.cat\/es\/#organization\"},\"potentialAction\":[{\"@type\":\"SearchAction\",\"target\":{\"@type\":\"EntryPoint\",\"urlTemplate\":\"https:\/\/sinergialocal.cat\/es\/?s={search_term_string}\"},\"query-input\":{\"@type\":\"PropertyValueSpecification\",\"valueRequired\":true,\"valueName\":\"search_term_string\"}}],\"inLanguage\":\"es\"},{\"@type\":\"Organization\",\"@id\":\"https:\/\/sinergialocal.cat\/es\/#organization\",\"name\":\"Sinergia Local\",\"url\":\"https:\/\/sinergialocal.cat\/es\/\",\"logo\":{\"@type\":\"ImageObject\",\"inLanguage\":\"es\",\"@id\":\"https:\/\/sinergialocal.cat\/es\/#\/schema\/logo\/image\/\",\"url\":\"https:\/\/sinergialocal.cat\/wp-content\/uploads\/2026\/02\/logo-sinergialocal.jpg\",\"contentUrl\":\"https:\/\/sinergialocal.cat\/wp-content\/uploads\/2026\/02\/logo-sinergialocal.jpg\",\"width\":696,\"height\":113,\"caption\":\"Sinergia Local\"},\"image\":{\"@id\":\"https:\/\/sinergialocal.cat\/es\/#\/schema\/logo\/image\/\"},\"sameAs\":[\"https:\/\/linkedin.com\/company\/sinergia-local-advocats-slp\/\"]}]}<\/script>\n<!-- \/ Yoast SEO plugin. -->","yoast_head_json":{"title":"Aviso legal - Sinergia Local","robots":{"index":"index","follow":"follow","max-snippet":"max-snippet:-1","max-image-preview":"max-image-preview:large","max-video-preview":"max-video-preview:-1"},"canonical":"https:\/\/sinergialocal.cat\/es\/aviso-legal\/","og_locale":"es_ES","og_type":"article","og_title":"Aviso legal - Sinergia Local","og_description":"1. Informaci\u00f3n General En cumplimiento del art\u00edculo 10 de la Ley 34\/2002, de 11 de julio, de Servicios de la Sociedad de la Informaci\u00f3n y Comercio Electr\u00f3nico (LSSI-CE), se informan...","og_url":"https:\/\/sinergialocal.cat\/es\/aviso-legal\/","og_site_name":"Sinergia Local","article_modified_time":"2026-03-26T15:32:00+00:00","og_image":[{"width":651,"height":91,"url":"https:\/\/sinergialocal.cat\/wp-content\/uploads\/2026\/02\/Captura-de-pantalla-2025-05-29-a-les-13.36.12-2.webp","type":"image\/webp"}],"twitter_card":"summary_large_image","twitter_misc":{"Tiempo de lectura":"2 minutos"},"schema":{"@context":"https:\/\/schema.org","@graph":[{"@type":"WebPage","@id":"https:\/\/sinergialocal.cat\/es\/aviso-legal\/","url":"https:\/\/sinergialocal.cat\/es\/aviso-legal\/","name":"Aviso legal - Sinergia Local","isPartOf":{"@id":"https:\/\/sinergialocal.cat\/es\/#website"},"primaryImageOfPage":{"@id":"https:\/\/sinergialocal.cat\/es\/aviso-legal\/#primaryimage"},"image":{"@id":"https:\/\/sinergialocal.cat\/es\/aviso-legal\/#primaryimage"},"thumbnailUrl":"https:\/\/sinergialocal.cat\/wp-content\/uploads\/2026\/02\/Captura-de-pantalla-2025-05-29-a-les-13.36.12-2.webp","datePublished":"2026-02-12T16:51:23+00:00","dateModified":"2026-03-26T15:32:00+00:00","breadcrumb":{"@id":"https:\/\/sinergialocal.cat\/es\/aviso-legal\/#breadcrumb"},"inLanguage":"es","potentialAction":[{"@type":"ReadAction","target":["https:\/\/sinergialocal.cat\/es\/aviso-legal\/"]}]},{"@type":"ImageObject","inLanguage":"es","@id":"https:\/\/sinergialocal.cat\/es\/aviso-legal\/#primaryimage","url":"https:\/\/sinergialocal.cat\/wp-content\/uploads\/2026\/02\/Captura-de-pantalla-2025-05-29-a-les-13.36.12-2.webp","contentUrl":"https:\/\/sinergialocal.cat\/wp-content\/uploads\/2026\/02\/Captura-de-pantalla-2025-05-29-a-les-13.36.12-2.webp"},{"@type":"BreadcrumbList","@id":"https:\/\/sinergialocal.cat\/es\/aviso-legal\/#breadcrumb","itemListElement":[{"@type":"ListItem","position":1,"name":"Inici","item":"https:\/\/sinergialocal.cat\/es\/inicio\/"},{"@type":"ListItem","position":2,"name":"Aviso legal"}]},{"@type":"WebSite","@id":"https:\/\/sinergialocal.cat\/es\/#website","url":"https:\/\/sinergialocal.cat\/es\/","name":"Sinergia Local","description":"","publisher":{"@id":"https:\/\/sinergialocal.cat\/es\/#organization"},"potentialAction":[{"@type":"SearchAction","target":{"@type":"EntryPoint","urlTemplate":"https:\/\/sinergialocal.cat\/es\/?s={search_term_string}"},"query-input":{"@type":"PropertyValueSpecification","valueRequired":true,"valueName":"search_term_string"}}],"inLanguage":"es"},{"@type":"Organization","@id":"https:\/\/sinergialocal.cat\/es\/#organization","name":"Sinergia Local","url":"https:\/\/sinergialocal.cat\/es\/","logo":{"@type":"ImageObject","inLanguage":"es","@id":"https:\/\/sinergialocal.cat\/es\/#\/schema\/logo\/image\/","url":"https:\/\/sinergialocal.cat\/wp-content\/uploads\/2026\/02\/logo-sinergialocal.jpg","contentUrl":"https:\/\/sinergialocal.cat\/wp-content\/uploads\/2026\/02\/logo-sinergialocal.jpg","width":696,"height":113,"caption":"Sinergia Local"},"image":{"@id":"https:\/\/sinergialocal.cat\/es\/#\/schema\/logo\/image\/"},"sameAs":["https:\/\/linkedin.com\/company\/sinergia-local-advocats-slp\/"]}]}},"_links":{"self":[{"href":"https:\/\/sinergialocal.cat\/es\/wp-json\/wp\/v2\/pages\/118","targetHints":{"allow":["GET"]}}],"collection":[{"href":"https:\/\/sinergialocal.cat\/es\/wp-json\/wp\/v2\/pages"}],"about":[{"href":"https:\/\/sinergialocal.cat\/es\/wp-json\/wp\/v2\/types\/page"}],"author":[{"embeddable":true,"href":"https:\/\/sinergialocal.cat\/es\/wp-json\/wp\/v2\/users\/1"}],"replies":[{"embeddable":true,"href":"https:\/\/sinergialocal.cat\/es\/wp-json\/wp\/v2\/comments?post=118"}],"version-history":[{"count":5,"href":"https:\/\/sinergialocal.cat\/es\/wp-json\/wp\/v2\/pages\/118\/revisions"}],"predecessor-version":[{"id":125,"href":"https:\/\/sinergialocal.cat\/es\/wp-json\/wp\/v2\/pages\/118\/revisions\/125"}],"wp:attachment":[{"href":"https:\/\/sinergialocal.cat\/es\/wp-json\/wp\/v2\/media?parent=118"}],"curies":[{"name":"wp","href":"https:\/\/api.w.org\/{rel}","templated":true}]}}