{"id":111,"date":"2025-01-07T14:49:00","date_gmt":"2025-01-07T14:49:00","guid":{"rendered":"https:\/\/sinergialocal.cat\/quienes-somos\/"},"modified":"2026-03-26T16:30:37","modified_gmt":"2026-03-26T16:30:37","slug":"quienes-somos","status":"publish","type":"page","link":"https:\/\/sinergialocal.cat\/es\/quienes-somos\/","title":{"rendered":"Qui\u00e9nes Somos"},"content":{"rendered":"\t\t<div data-elementor-type=\"wp-page\" data-elementor-id=\"111\" class=\"elementor elementor-111 elementor-28\">\n\t\t\t\t<div class=\"elementor-element elementor-element-125d732 e-flex e-con-boxed e-con e-parent\" data-id=\"125d732\" data-element_type=\"container\" data-e-type=\"container\">\n\t\t\t\t\t<div class=\"e-con-inner\">\n\t\t<div class=\"elementor-element elementor-element-c8464ea e-con-full e-flex e-con e-child\" data-id=\"c8464ea\" data-element_type=\"container\" data-e-type=\"container\">\n\t\t\t\t<div class=\"elementor-element elementor-element-5f463ac elementor-widget elementor-widget-image\" data-id=\"5f463ac\" data-element_type=\"widget\" data-e-type=\"widget\" data-widget_type=\"image.default\">\n\t\t\t\t<div class=\"elementor-widget-container\">\n\t\t\t\t\t\t\t\t\t\t\t\t\t\t\t<img fetchpriority=\"high\" decoding=\"async\" width=\"1000\" height=\"1000\" src=\"https:\/\/sinergialocal.cat\/wp-content\/uploads\/2025\/01\/WhatsApp-Image-2025-01-07-at-15.48.19.jpeg\" class=\"attachment-large size-large wp-image-107\" alt=\"\" srcset=\"https:\/\/sinergialocal.cat\/wp-content\/uploads\/2025\/01\/WhatsApp-Image-2025-01-07-at-15.48.19.jpeg 1000w, https:\/\/sinergialocal.cat\/wp-content\/uploads\/2025\/01\/WhatsApp-Image-2025-01-07-at-15.48.19-300x300.jpeg 300w, https:\/\/sinergialocal.cat\/wp-content\/uploads\/2025\/01\/WhatsApp-Image-2025-01-07-at-15.48.19-150x150.jpeg 150w, https:\/\/sinergialocal.cat\/wp-content\/uploads\/2025\/01\/WhatsApp-Image-2025-01-07-at-15.48.19-768x768.jpeg 768w\" sizes=\"(max-width: 1000px) 100vw, 1000px\" \/>\t\t\t\t\t\t\t\t\t\t\t\t\t\t\t<\/div>\n\t\t\t\t<\/div>\n\t\t\t\t<\/div>\n\t\t<div class=\"elementor-element elementor-element-b5e2613 e-con-full e-flex e-con e-child\" data-id=\"b5e2613\" data-element_type=\"container\" data-e-type=\"container\">\n\t\t\t\t<div class=\"elementor-element elementor-element-6d0eed1 text-color-2 elementor-widget elementor-widget-heading\" data-id=\"6d0eed1\" data-element_type=\"widget\" data-e-type=\"widget\" data-widget_type=\"heading.default\">\n\t\t\t\t<div class=\"elementor-widget-container\">\n\t\t\t\t\t<h2 class=\"elementor-heading-title elementor-size-default\">Nosotros<\/h2>\t\t\t\t<\/div>\n\t\t\t\t<\/div>\n\t\t\t\t<div class=\"elementor-element elementor-element-f2c9ab9 elementor-widget elementor-widget-text-editor\" data-id=\"f2c9ab9\" data-element_type=\"widget\" data-e-type=\"widget\" data-widget_type=\"text-editor.default\">\n\t\t\t\t<div class=\"elementor-widget-container\">\n\t\t\t\t\t\t\t\t\t<p class=\"p1\">En Sinergia Local, somos una firma dedicada exclusivamente al servicio de las Administraciones P\u00fablicas y entidades del Sector P\u00fablico. Trabajamos para ofrecer soluciones jur\u00eddicas y organizativas adaptadas a las necesidades de cada instituci\u00f3n que permitan gestionar de manera eficiente sus recursos y responsabilidades.<\/p><p class=\"p1\">Con m\u00e1s de 15 a\u00f1os de experiencia en el \u00e1mbito jur\u00eddico y un profundo conocimiento del marco normativo del sector p\u00fablico, nos posicionamos como un aliado de confianza para cargos electos, t\u00e9cnicos municipales, equipos directivos y personal con responsabilidades de gesti\u00f3n. Nos caracterizamos por nuestra proximidad, capacidad anal\u00edtica y compromiso con los resultados.<\/p><p class=\"p1\">Nuestro compromiso es facilitar la gesti\u00f3n p\u00fablica y garantizar el cumplimiento normativo, contribuyendo as\u00ed al buen funcionamiento de las instituciones que sirven a la ciudadan\u00eda.<\/p>\t\t\t\t\t\t\t\t<\/div>\n\t\t\t\t<\/div>\n\t\t\t\t<\/div>\n\t\t\t\t\t<\/div>\n\t\t\t\t<\/div>\n\t\t<div class=\"elementor-element elementor-element-d16a893 e-flex e-con-boxed e-con e-parent\" data-id=\"d16a893\" data-element_type=\"container\" data-e-type=\"container\">\n\t\t\t\t\t<div class=\"e-con-inner\">\n\t\t<div class=\"elementor-element elementor-element-44082f0 e-con-full box-icons e-flex e-con e-child\" data-id=\"44082f0\" data-element_type=\"container\" data-e-type=\"container\">\n\t\t\t\t<div class=\"elementor-element elementor-element-84921e2 text-color-2 elementor-widget elementor-widget-heading\" data-id=\"84921e2\" data-element_type=\"widget\" data-e-type=\"widget\" data-widget_type=\"heading.default\">\n\t\t\t\t<div class=\"elementor-widget-container\">\n\t\t\t\t\t<h3 class=\"elementor-heading-title elementor-size-default\">Misi\u00f3n<\/h3>\t\t\t\t<\/div>\n\t\t\t\t<\/div>\n\t\t\t\t<div class=\"elementor-element elementor-element-a364b6c elementor-widget elementor-widget-text-editor\" data-id=\"a364b6c\" data-element_type=\"widget\" data-e-type=\"widget\" data-widget_type=\"text-editor.default\">\n\t\t\t\t<div class=\"elementor-widget-container\">\n\t\t\t\t\t\t\t\t\t<p class=\"p1\">Sinergia Local Advocats tiene como misi\u00f3n ofrecer servicios legales y de asesoramiento integral, con una atenci\u00f3n personalizada y un compromiso firme con la calidad. Nuestra orientaci\u00f3n consiste en crear soluciones jur\u00eddicas a medida para cada cliente, con el objetivo de simplificar procesos complejos y ofrecer tranquilidad en cada etapa.<\/p>\t\t\t\t\t\t\t\t<\/div>\n\t\t\t\t<\/div>\n\t\t\t\t<\/div>\n\t\t<div class=\"elementor-element elementor-element-bc37f53 e-con-full box-icons e-flex e-con e-child\" data-id=\"bc37f53\" data-element_type=\"container\" data-e-type=\"container\">\n\t\t\t\t<div class=\"elementor-element elementor-element-683b46e text-color-2 elementor-widget elementor-widget-heading\" data-id=\"683b46e\" data-element_type=\"widget\" data-e-type=\"widget\" data-widget_type=\"heading.default\">\n\t\t\t\t<div class=\"elementor-widget-container\">\n\t\t\t\t\t<h3 class=\"elementor-heading-title elementor-size-default\">Visi\u00f3n<\/h3>\t\t\t\t<\/div>\n\t\t\t\t<\/div>\n\t\t\t\t<div class=\"elementor-element elementor-element-b26184c elementor-widget elementor-widget-text-editor\" data-id=\"b26184c\" data-element_type=\"widget\" data-e-type=\"widget\" data-widget_type=\"text-editor.default\">\n\t\t\t\t<div class=\"elementor-widget-container\">\n\t\t\t\t\t\t\t\t\t<p class=\"p1\">En Sinergia Local Advocats queremos ser reconocidos como la referencia en nuestro sector, no solo por nuestra experiencia y conocimiento legal, sino tambi\u00e9n por nuestra capacidad de adaptarnos a las necesidades cambiantes de nuestros clientes. Nos centramos en crear relaciones duraderas, basadas en la confianza, la transparencia y la \u00e9tica profesional.<\/p>\t\t\t\t\t\t\t\t<\/div>\n\t\t\t\t<\/div>\n\t\t\t\t<\/div>\n\t\t\t\t\t<\/div>\n\t\t\t\t<\/div>\n\t\t<div class=\"elementor-element elementor-element-f0e34f3 e-flex e-con-boxed e-con e-parent\" data-id=\"f0e34f3\" data-element_type=\"container\" data-e-type=\"container\">\n\t\t\t\t\t<div class=\"e-con-inner\">\n\t\t<div class=\"elementor-element elementor-element-cd69adf e-con-full box-icons e-flex e-con e-child\" data-id=\"cd69adf\" data-element_type=\"container\" data-e-type=\"container\">\n\t\t\t\t<div class=\"elementor-element elementor-element-5c1c122 text-color-2 elementor-widget elementor-widget-heading\" data-id=\"5c1c122\" data-element_type=\"widget\" data-e-type=\"widget\" data-widget_type=\"heading.default\">\n\t\t\t\t<div class=\"elementor-widget-container\">\n\t\t\t\t\t<h3 class=\"elementor-heading-title elementor-size-default\">Valores<\/h3>\t\t\t\t<\/div>\n\t\t\t\t<\/div>\n\t\t\t\t<div class=\"elementor-element elementor-element-d9b1729 elementor-widget elementor-widget-text-editor\" data-id=\"d9b1729\" data-element_type=\"widget\" data-e-type=\"widget\" data-widget_type=\"text-editor.default\">\n\t\t\t\t<div class=\"elementor-widget-container\">\n\t\t\t\t\t\t\t\t\t<ul class=\"ul1\"><li class=\"li1\"><b>Proximidad<\/b>: Creemos en un trato cercano y transparente con nuestros clientes, como si fueran miembros de nuestra propia organizaci\u00f3n.<\/li><li class=\"li1\"><b>Eficacia:<\/b> Ofrecemos soluciones r\u00e1pidas y eficientes para resolver los problemas legales, adapt\u00e1ndonos a cada situaci\u00f3n.<\/li><li class=\"li1\"><b>Calidad<\/b>: Priorizamos la calidad sobre la cantidad, centr\u00e1ndonos en ofrecer los mejores servicios legales posibles.<\/li><li class=\"li1\"><b>Integridad<\/b>: Mantenemos un est\u00e1ndar \u00e9tico elevado en todo lo que hacemos, garantizando siempre una comunicaci\u00f3n clara y honesta con nuestros clientes.<\/li><\/ul>\t\t\t\t\t\t\t\t<\/div>\n\t\t\t\t<\/div>\n\t\t\t\t<\/div>\n\t\t\t\t\t<\/div>\n\t\t\t\t<\/div>\n\t\t<div class=\"elementor-element elementor-element-002d4de e-flex e-con-boxed e-con e-parent\" data-id=\"002d4de\" data-element_type=\"container\" data-e-type=\"container\" data-settings=\"{&quot;background_background&quot;:&quot;classic&quot;}\">\n\t\t\t\t\t<div class=\"e-con-inner\">\n\t\t<div class=\"elementor-element elementor-element-eb072a4 e-con-full elementor-hidden-mobile e-flex e-con e-child\" data-id=\"eb072a4\" data-element_type=\"container\" data-e-type=\"container\">\n\t\t\t\t<\/div>\n\t\t<div class=\"elementor-element elementor-element-68483b0 e-con-full e-flex e-con e-child\" data-id=\"68483b0\" data-element_type=\"container\" data-e-type=\"container\">\n\t\t<div class=\"elementor-element elementor-element-c822ec9 e-con-full bg-white e-flex e-con e-child\" data-id=\"c822ec9\" data-element_type=\"container\" data-e-type=\"container\">\n\t\t\t\t<div class=\"elementor-element elementor-element-fb14eab text-color-3 elementor-widget elementor-widget-heading\" data-id=\"fb14eab\" data-element_type=\"widget\" data-e-type=\"widget\" data-widget_type=\"heading.default\">\n\t\t\t\t<div class=\"elementor-widget-container\">\n\t\t\t\t\t<h4 class=\"elementor-heading-title elementor-size-default\"><b>Proximidad y confianza<\/b><\/h4>\t\t\t\t<\/div>\n\t\t\t\t<\/div>\n\t\t\t\t<div class=\"elementor-element elementor-element-43bb72e text-color-2 elementor-widget elementor-widget-heading\" data-id=\"43bb72e\" data-element_type=\"widget\" data-e-type=\"widget\" data-widget_type=\"heading.default\">\n\t\t\t\t<div class=\"elementor-widget-container\">\n\t\t\t\t\t<h2 class=\"elementor-heading-title elementor-size-default\">Propuesta de Valor<\/h2>\t\t\t\t<\/div>\n\t\t\t\t<\/div>\n\t\t\t\t<div class=\"elementor-element elementor-element-a13e2e3 elementor-widget elementor-widget-text-editor\" data-id=\"a13e2e3\" data-element_type=\"widget\" data-e-type=\"widget\" data-widget_type=\"text-editor.default\">\n\t\t\t\t<div class=\"elementor-widget-container\">\n\t\t\t\t\t\t\t\t\t<p class=\"p1\">Ofrecemos un servicio legal personalizado que va m\u00e1s all\u00e1 de la simple gesti\u00f3n jur\u00eddica. A diferencia de las grandes gestor\u00edas, en Sinergia Local Advocats nos dedicamos a entender profundamente las necesidades de cada cliente, adaptando las soluciones a medida, evitando burocracia innecesaria y asegurando un acompa\u00f1amiento continuado. Somos el socio estrat\u00e9gico que acompa\u00f1a a nuestros clientes en su crecimiento y en el afrontamiento de retos legales con un servicio cercano y de confianza.<\/p><p class=\"p1\">Contamos con un equipo de abogados y consultores con una amplia trayectoria en derecho administrativo, funci\u00f3n p\u00fablica y consultor\u00eda jur\u00eddica para el sector p\u00fablico. Esta combinaci\u00f3n de experiencia pr\u00e1ctica y conocimiento t\u00e9cnico nos permite ofrecer soluciones con un alto valor a\u00f1adido, orientadas a resultados y con el m\u00e1ximo rigor profesional.<\/p>\t\t\t\t\t\t\t\t<\/div>\n\t\t\t\t<\/div>\n\t\t\t\t<div class=\"elementor-element elementor-element-6253410 button-alternatiu-2-ele elementor-widget elementor-widget-button\" data-id=\"6253410\" data-element_type=\"widget\" data-e-type=\"widget\" data-widget_type=\"button.default\">\n\t\t\t\t<div class=\"elementor-widget-container\">\n\t\t\t\t\t\t\t\t\t<div class=\"elementor-button-wrapper\">\n\t\t\t\t\t<a class=\"elementor-button elementor-button-link elementor-size-sm\" href=\"https:\/\/sinergialocal.cat\/es\/contactar\/\">\n\t\t\t\t\t\t<span class=\"elementor-button-content-wrapper\">\n\t\t\t\t\t\t\t\t\t<span class=\"elementor-button-text\">Contactar<\/span>\n\t\t\t\t\t<\/span>\n\t\t\t\t\t<\/a>\n\t\t\t\t<\/div>\n\t\t\t\t\t\t\t\t<\/div>\n\t\t\t\t<\/div>\n\t\t\t\t<\/div>\n\t\t\t\t<\/div>\n\t\t\t\t\t<\/div>\n\t\t\t\t<\/div>\n\t\t\t\t<\/div>\n\t\t","protected":false},"excerpt":{"rendered":"<p>Nosotros En Sinergia Local, somos una firma dedicada exclusivamente al servicio de las Administraciones P\u00fablicas y entidades del Sector P\u00fablico. Trabajamos para ofrecer soluciones jur\u00eddicas y organizativas adaptadas a las&#8230;<\/p>\n","protected":false},"author":1,"featured_media":106,"parent":0,"menu_order":0,"comment_status":"closed","ping_status":"closed","template":"","meta":{"footnotes":""},"class_list":["post-111","page","type-page","status-publish","has-post-thumbnail","hentry"],"yoast_head":"<!-- This site is optimized with the Yoast SEO plugin v26.9 - https:\/\/yoast.com\/product\/yoast-seo-wordpress\/ -->\n<title>Qui\u00e9nes Somos - Sinergia Local<\/title>\n<meta name=\"robots\" content=\"index, follow, max-snippet:-1, max-image-preview:large, max-video-preview:-1\" \/>\n<link rel=\"canonical\" href=\"https:\/\/sinergialocal.cat\/es\/quienes-somos\/\" \/>\n<meta property=\"og:locale\" content=\"es_ES\" \/>\n<meta property=\"og:type\" content=\"article\" \/>\n<meta property=\"og:title\" content=\"Qui\u00e9nes Somos - Sinergia Local\" \/>\n<meta property=\"og:description\" content=\"Nosotros En Sinergia Local, somos una firma dedicada exclusivamente al servicio de las Administraciones P\u00fablicas y entidades del Sector P\u00fablico. Trabajamos para ofrecer soluciones jur\u00eddicas y organizativas adaptadas a las...\" \/>\n<meta property=\"og:url\" content=\"https:\/\/sinergialocal.cat\/es\/quienes-somos\/\" \/>\n<meta property=\"og:site_name\" content=\"Sinergia Local\" \/>\n<meta property=\"article:modified_time\" content=\"2026-03-26T16:30:37+00:00\" \/>\n<meta property=\"og:image\" content=\"https:\/\/sinergialocal.cat\/wp-content\/uploads\/2025\/01\/home-sinergialocal.jpg\" \/>\n\t<meta property=\"og:image:width\" content=\"2000\" \/>\n\t<meta property=\"og:image:height\" content=\"1333\" \/>\n\t<meta property=\"og:image:type\" content=\"image\/jpeg\" \/>\n<meta name=\"twitter:card\" content=\"summary_large_image\" \/>\n<meta name=\"twitter:label1\" content=\"Tiempo de lectura\" \/>\n\t<meta name=\"twitter:data1\" content=\"2 minutos\" \/>\n<script type=\"application\/ld+json\" class=\"yoast-schema-graph\">{\"@context\":\"https:\/\/schema.org\",\"@graph\":[{\"@type\":\"WebPage\",\"@id\":\"https:\/\/sinergialocal.cat\/es\/quienes-somos\/\",\"url\":\"https:\/\/sinergialocal.cat\/es\/quienes-somos\/\",\"name\":\"Qui\u00e9nes Somos - Sinergia Local\",\"isPartOf\":{\"@id\":\"https:\/\/sinergialocal.cat\/es\/#website\"},\"primaryImageOfPage\":{\"@id\":\"https:\/\/sinergialocal.cat\/es\/quienes-somos\/#primaryimage\"},\"image\":{\"@id\":\"https:\/\/sinergialocal.cat\/es\/quienes-somos\/#primaryimage\"},\"thumbnailUrl\":\"https:\/\/sinergialocal.cat\/wp-content\/uploads\/2025\/01\/home-sinergialocal.jpg\",\"datePublished\":\"2025-01-07T14:49:00+00:00\",\"dateModified\":\"2026-03-26T16:30:37+00:00\",\"breadcrumb\":{\"@id\":\"https:\/\/sinergialocal.cat\/es\/quienes-somos\/#breadcrumb\"},\"inLanguage\":\"es\",\"potentialAction\":[{\"@type\":\"ReadAction\",\"target\":[\"https:\/\/sinergialocal.cat\/es\/quienes-somos\/\"]}]},{\"@type\":\"ImageObject\",\"inLanguage\":\"es\",\"@id\":\"https:\/\/sinergialocal.cat\/es\/quienes-somos\/#primaryimage\",\"url\":\"https:\/\/sinergialocal.cat\/wp-content\/uploads\/2025\/01\/home-sinergialocal.jpg\",\"contentUrl\":\"https:\/\/sinergialocal.cat\/wp-content\/uploads\/2025\/01\/home-sinergialocal.jpg\",\"width\":2000,\"height\":1333},{\"@type\":\"BreadcrumbList\",\"@id\":\"https:\/\/sinergialocal.cat\/es\/quienes-somos\/#breadcrumb\",\"itemListElement\":[{\"@type\":\"ListItem\",\"position\":1,\"name\":\"Inici\",\"item\":\"https:\/\/sinergialocal.cat\/es\/inicio\/\"},{\"@type\":\"ListItem\",\"position\":2,\"name\":\"Qui\u00e9nes Somos\"}]},{\"@type\":\"WebSite\",\"@id\":\"https:\/\/sinergialocal.cat\/es\/#website\",\"url\":\"https:\/\/sinergialocal.cat\/es\/\",\"name\":\"Sinergia Local\",\"description\":\"\",\"publisher\":{\"@id\":\"https:\/\/sinergialocal.cat\/es\/#organization\"},\"potentialAction\":[{\"@type\":\"SearchAction\",\"target\":{\"@type\":\"EntryPoint\",\"urlTemplate\":\"https:\/\/sinergialocal.cat\/es\/?s={search_term_string}\"},\"query-input\":{\"@type\":\"PropertyValueSpecification\",\"valueRequired\":true,\"valueName\":\"search_term_string\"}}],\"inLanguage\":\"es\"},{\"@type\":\"Organization\",\"@id\":\"https:\/\/sinergialocal.cat\/es\/#organization\",\"name\":\"Sinergia Local\",\"url\":\"https:\/\/sinergialocal.cat\/es\/\",\"logo\":{\"@type\":\"ImageObject\",\"inLanguage\":\"es\",\"@id\":\"https:\/\/sinergialocal.cat\/es\/#\/schema\/logo\/image\/\",\"url\":\"https:\/\/sinergialocal.cat\/wp-content\/uploads\/2026\/02\/logo-sinergialocal.jpg\",\"contentUrl\":\"https:\/\/sinergialocal.cat\/wp-content\/uploads\/2026\/02\/logo-sinergialocal.jpg\",\"width\":696,\"height\":113,\"caption\":\"Sinergia Local\"},\"image\":{\"@id\":\"https:\/\/sinergialocal.cat\/es\/#\/schema\/logo\/image\/\"},\"sameAs\":[\"https:\/\/linkedin.com\/company\/sinergia-local-advocats-slp\/\"]}]}<\/script>\n<!-- \/ Yoast SEO plugin. -->","yoast_head_json":{"title":"Qui\u00e9nes Somos - Sinergia Local","robots":{"index":"index","follow":"follow","max-snippet":"max-snippet:-1","max-image-preview":"max-image-preview:large","max-video-preview":"max-video-preview:-1"},"canonical":"https:\/\/sinergialocal.cat\/es\/quienes-somos\/","og_locale":"es_ES","og_type":"article","og_title":"Qui\u00e9nes Somos - Sinergia Local","og_description":"Nosotros En Sinergia Local, somos una firma dedicada exclusivamente al servicio de las Administraciones P\u00fablicas y entidades del Sector P\u00fablico. Trabajamos para ofrecer soluciones jur\u00eddicas y organizativas adaptadas a las...","og_url":"https:\/\/sinergialocal.cat\/es\/quienes-somos\/","og_site_name":"Sinergia Local","article_modified_time":"2026-03-26T16:30:37+00:00","og_image":[{"width":2000,"height":1333,"url":"https:\/\/sinergialocal.cat\/wp-content\/uploads\/2025\/01\/home-sinergialocal.jpg","type":"image\/jpeg"}],"twitter_card":"summary_large_image","twitter_misc":{"Tiempo de lectura":"2 minutos"},"schema":{"@context":"https:\/\/schema.org","@graph":[{"@type":"WebPage","@id":"https:\/\/sinergialocal.cat\/es\/quienes-somos\/","url":"https:\/\/sinergialocal.cat\/es\/quienes-somos\/","name":"Qui\u00e9nes Somos - Sinergia Local","isPartOf":{"@id":"https:\/\/sinergialocal.cat\/es\/#website"},"primaryImageOfPage":{"@id":"https:\/\/sinergialocal.cat\/es\/quienes-somos\/#primaryimage"},"image":{"@id":"https:\/\/sinergialocal.cat\/es\/quienes-somos\/#primaryimage"},"thumbnailUrl":"https:\/\/sinergialocal.cat\/wp-content\/uploads\/2025\/01\/home-sinergialocal.jpg","datePublished":"2025-01-07T14:49:00+00:00","dateModified":"2026-03-26T16:30:37+00:00","breadcrumb":{"@id":"https:\/\/sinergialocal.cat\/es\/quienes-somos\/#breadcrumb"},"inLanguage":"es","potentialAction":[{"@type":"ReadAction","target":["https:\/\/sinergialocal.cat\/es\/quienes-somos\/"]}]},{"@type":"ImageObject","inLanguage":"es","@id":"https:\/\/sinergialocal.cat\/es\/quienes-somos\/#primaryimage","url":"https:\/\/sinergialocal.cat\/wp-content\/uploads\/2025\/01\/home-sinergialocal.jpg","contentUrl":"https:\/\/sinergialocal.cat\/wp-content\/uploads\/2025\/01\/home-sinergialocal.jpg","width":2000,"height":1333},{"@type":"BreadcrumbList","@id":"https:\/\/sinergialocal.cat\/es\/quienes-somos\/#breadcrumb","itemListElement":[{"@type":"ListItem","position":1,"name":"Inici","item":"https:\/\/sinergialocal.cat\/es\/inicio\/"},{"@type":"ListItem","position":2,"name":"Qui\u00e9nes Somos"}]},{"@type":"WebSite","@id":"https:\/\/sinergialocal.cat\/es\/#website","url":"https:\/\/sinergialocal.cat\/es\/","name":"Sinergia Local","description":"","publisher":{"@id":"https:\/\/sinergialocal.cat\/es\/#organization"},"potentialAction":[{"@type":"SearchAction","target":{"@type":"EntryPoint","urlTemplate":"https:\/\/sinergialocal.cat\/es\/?s={search_term_string}"},"query-input":{"@type":"PropertyValueSpecification","valueRequired":true,"valueName":"search_term_string"}}],"inLanguage":"es"},{"@type":"Organization","@id":"https:\/\/sinergialocal.cat\/es\/#organization","name":"Sinergia Local","url":"https:\/\/sinergialocal.cat\/es\/","logo":{"@type":"ImageObject","inLanguage":"es","@id":"https:\/\/sinergialocal.cat\/es\/#\/schema\/logo\/image\/","url":"https:\/\/sinergialocal.cat\/wp-content\/uploads\/2026\/02\/logo-sinergialocal.jpg","contentUrl":"https:\/\/sinergialocal.cat\/wp-content\/uploads\/2026\/02\/logo-sinergialocal.jpg","width":696,"height":113,"caption":"Sinergia Local"},"image":{"@id":"https:\/\/sinergialocal.cat\/es\/#\/schema\/logo\/image\/"},"sameAs":["https:\/\/linkedin.com\/company\/sinergia-local-advocats-slp\/"]}]}},"_links":{"self":[{"href":"https:\/\/sinergialocal.cat\/es\/wp-json\/wp\/v2\/pages\/111","targetHints":{"allow":["GET"]}}],"collection":[{"href":"https:\/\/sinergialocal.cat\/es\/wp-json\/wp\/v2\/pages"}],"about":[{"href":"https:\/\/sinergialocal.cat\/es\/wp-json\/wp\/v2\/types\/page"}],"author":[{"embeddable":true,"href":"https:\/\/sinergialocal.cat\/es\/wp-json\/wp\/v2\/users\/1"}],"replies":[{"embeddable":true,"href":"https:\/\/sinergialocal.cat\/es\/wp-json\/wp\/v2\/comments?post=111"}],"version-history":[{"count":3,"href":"https:\/\/sinergialocal.cat\/es\/wp-json\/wp\/v2\/pages\/111\/revisions"}],"predecessor-version":[{"id":135,"href":"https:\/\/sinergialocal.cat\/es\/wp-json\/wp\/v2\/pages\/111\/revisions\/135"}],"wp:featuredmedia":[{"embeddable":true,"href":"https:\/\/sinergialocal.cat\/es\/wp-json\/wp\/v2\/media\/106"}],"wp:attachment":[{"href":"https:\/\/sinergialocal.cat\/es\/wp-json\/wp\/v2\/media?parent=111"}],"curies":[{"name":"wp","href":"https:\/\/api.w.org\/{rel}","templated":true}]}}