{"id":109,"date":"2025-01-07T14:14:13","date_gmt":"2025-01-07T14:14:13","guid":{"rendered":"https:\/\/sinergialocal.cat\/inicio\/"},"modified":"2026-03-26T15:36:43","modified_gmt":"2026-03-26T15:36:43","slug":"inicio","status":"publish","type":"page","link":"https:\/\/sinergialocal.cat\/es\/","title":{"rendered":"Inicio"},"content":{"rendered":"\t\t<div data-elementor-type=\"wp-page\" data-elementor-id=\"109\" class=\"elementor elementor-109 elementor-8\">\n\t\t\t\t<div class=\"elementor-element elementor-element-c028dd3 bg-home e-flex e-con-boxed e-con e-parent\" data-id=\"c028dd3\" data-element_type=\"container\" data-e-type=\"container\" data-settings=\"{&quot;background_background&quot;:&quot;classic&quot;}\">\n\t\t\t\t\t<div class=\"e-con-inner\">\n\t\t<div class=\"elementor-element elementor-element-5c0786b e-con-full e-flex e-con e-child\" data-id=\"5c0786b\" data-element_type=\"container\" data-e-type=\"container\">\n\t\t\t\t<div class=\"elementor-element elementor-element-e39c98f elementor-widget elementor-widget-heading\" data-id=\"e39c98f\" data-element_type=\"widget\" data-e-type=\"widget\" data-widget_type=\"heading.default\">\n\t\t\t\t<div class=\"elementor-widget-container\">\n\t\t\t\t\t<h1 class=\"elementor-heading-title elementor-size-default\"><b>Soluciones jur\u00eddicas y organizativas para entidades p\u00fablicas<\/b><\/h1>\t\t\t\t<\/div>\n\t\t\t\t<\/div>\n\t\t\t\t<div class=\"elementor-element elementor-element-5893b5c elementor-widget elementor-widget-text-editor\" data-id=\"5893b5c\" data-element_type=\"widget\" data-e-type=\"widget\" data-widget_type=\"text-editor.default\">\n\t\t\t\t<div class=\"elementor-widget-container\">\n\t\t\t\t\t\t\t\t\t<p class=\"p1\">Somos el socio estrat\u00e9gico que acompa\u00f1a a nuestros clientes en su crecimiento y en el afrontamiento de retos legales con un servicio cercano y de confianza.<\/p>\t\t\t\t\t\t\t\t<\/div>\n\t\t\t\t<\/div>\n\t\t\t\t<div class=\"elementor-element elementor-element-2934d72 button-alternatiu-2-ele elementor-widget elementor-widget-button\" data-id=\"2934d72\" data-element_type=\"widget\" data-e-type=\"widget\" data-widget_type=\"button.default\">\n\t\t\t\t<div class=\"elementor-widget-container\">\n\t\t\t\t\t\t\t\t\t<div class=\"elementor-button-wrapper\">\n\t\t\t\t\t<a class=\"elementor-button elementor-button-link elementor-size-sm\" href=\"https:\/\/sinergialocal.cat\/es\/contactar\/\">\n\t\t\t\t\t\t<span class=\"elementor-button-content-wrapper\">\n\t\t\t\t\t\t\t\t\t<span class=\"elementor-button-text\">Contactar<\/span>\n\t\t\t\t\t<\/span>\n\t\t\t\t\t<\/a>\n\t\t\t\t<\/div>\n\t\t\t\t\t\t\t\t<\/div>\n\t\t\t\t<\/div>\n\t\t\t\t<\/div>\n\t\t<div class=\"elementor-element elementor-element-94b55fc e-con-full elementor-hidden-mobile e-flex e-con e-child\" data-id=\"94b55fc\" data-element_type=\"container\" data-e-type=\"container\">\n\t\t\t\t<\/div>\n\t\t\t\t\t<\/div>\n\t\t\t\t<\/div>\n\t\t<div class=\"elementor-element elementor-element-f221504 e-flex e-con-boxed e-con e-parent\" data-id=\"f221504\" data-element_type=\"container\" data-e-type=\"container\">\n\t\t\t\t\t<div class=\"e-con-inner\">\n\t\t<div class=\"elementor-element elementor-element-8e03a24 e-con-full e-flex e-con e-child\" data-id=\"8e03a24\" data-element_type=\"container\" data-e-type=\"container\">\n\t\t\t\t<div class=\"elementor-element elementor-element-f128b32 elementor-widget elementor-widget-heading\" data-id=\"f128b32\" data-element_type=\"widget\" data-e-type=\"widget\" data-widget_type=\"heading.default\">\n\t\t\t\t<div class=\"elementor-widget-container\">\n\t\t\t\t\t<h2 class=\"elementor-heading-title elementor-size-default\">\u00c1mbitos de actuaci\u00f3n<\/h2>\t\t\t\t<\/div>\n\t\t\t\t<\/div>\n\t\t\t\t<\/div>\n\t\t\t\t\t<\/div>\n\t\t\t\t<\/div>\n\t\t<div class=\"elementor-element elementor-element-50ff6c4 e-flex e-con-boxed e-con e-parent\" data-id=\"50ff6c4\" data-element_type=\"container\" data-e-type=\"container\">\n\t\t\t\t\t<div class=\"e-con-inner\">\n\t\t<div class=\"elementor-element elementor-element-d0f6a60 e-con-full box-icons e-flex e-con e-child\" data-id=\"d0f6a60\" data-element_type=\"container\" data-e-type=\"container\">\n\t\t\t\t<div class=\"elementor-element elementor-element-9c91828 text-color-2 elementor-widget elementor-widget-heading\" data-id=\"9c91828\" data-element_type=\"widget\" data-e-type=\"widget\" data-widget_type=\"heading.default\">\n\t\t\t\t<div class=\"elementor-widget-container\">\n\t\t\t\t\t<h3 class=\"elementor-heading-title elementor-size-default\">Servicios jur\u00eddicos especializados<\/h3>\t\t\t\t<\/div>\n\t\t\t\t<\/div>\n\t\t\t\t<div class=\"elementor-element elementor-element-bb0b0a8 elementor-widget elementor-widget-text-editor\" data-id=\"bb0b0a8\" data-element_type=\"widget\" data-e-type=\"widget\" data-widget_type=\"text-editor.default\">\n\t\t\t\t<div class=\"elementor-widget-container\">\n\t\t\t\t\t\t\t\t\t<p class=\"p1\">Ofrecemos asesoramiento integral en todos los \u00e1mbitos del derecho p\u00fablico para garantizar el cumplimiento normativo y resolver cuestiones complejas.<\/p>\t\t\t\t\t\t\t\t<\/div>\n\t\t\t\t<\/div>\n\t\t\t\t<\/div>\n\t\t<div class=\"elementor-element elementor-element-8a19a75 e-con-full box-icons e-flex e-con e-child\" data-id=\"8a19a75\" data-element_type=\"container\" data-e-type=\"container\">\n\t\t\t\t<div class=\"elementor-element elementor-element-542c142 text-color-2 elementor-widget elementor-widget-heading\" data-id=\"542c142\" data-element_type=\"widget\" data-e-type=\"widget\" data-widget_type=\"heading.default\">\n\t\t\t\t<div class=\"elementor-widget-container\">\n\t\t\t\t\t<h3 class=\"elementor-heading-title elementor-size-default\">Gesti\u00f3n y recursos humanos del sector p\u00fablico<\/h3>\t\t\t\t<\/div>\n\t\t\t\t<\/div>\n\t\t\t\t<div class=\"elementor-element elementor-element-1883d8d elementor-widget elementor-widget-text-editor\" data-id=\"1883d8d\" data-element_type=\"widget\" data-e-type=\"widget\" data-widget_type=\"text-editor.default\">\n\t\t\t\t<div class=\"elementor-widget-container\">\n\t\t\t\t\t\t\t\t\t<p class=\"p1\">Ayudamos a optimizar los recursos humanos de las instituciones, asegurando una gesti\u00f3n eficiente y ajustada a la normativa<\/p>\t\t\t\t\t\t\t\t<\/div>\n\t\t\t\t<\/div>\n\t\t\t\t<\/div>\n\t\t<div class=\"elementor-element elementor-element-b3eef7f e-con-full box-icons e-flex e-con e-child\" data-id=\"b3eef7f\" data-element_type=\"container\" data-e-type=\"container\">\n\t\t\t\t<div class=\"elementor-element elementor-element-be65ba7 text-color-2 elementor-widget elementor-widget-heading\" data-id=\"be65ba7\" data-element_type=\"widget\" data-e-type=\"widget\" data-widget_type=\"heading.default\">\n\t\t\t\t<div class=\"elementor-widget-container\">\n\t\t\t\t\t<h3 class=\"elementor-heading-title elementor-size-default\">Apoyo en materia de personal<\/h3>\t\t\t\t<\/div>\n\t\t\t\t<\/div>\n\t\t\t\t<div class=\"elementor-element elementor-element-626b98f elementor-widget elementor-widget-text-editor\" data-id=\"626b98f\" data-element_type=\"widget\" data-e-type=\"widget\" data-widget_type=\"text-editor.default\">\n\t\t\t\t<div class=\"elementor-widget-container\">\n\t\t\t\t\t\t\t\t\t<p class=\"p1\">Nos encargamos de aspectos relacionados con el personal al servicio de las administraciones<\/p>\t\t\t\t\t\t\t\t<\/div>\n\t\t\t\t<\/div>\n\t\t\t\t<\/div>\n\t\t<div class=\"elementor-element elementor-element-1fe30b8 e-con-full box-icons e-flex e-con e-child\" data-id=\"1fe30b8\" data-element_type=\"container\" data-e-type=\"container\">\n\t\t\t\t<div class=\"elementor-element elementor-element-19fe82c text-color-2 elementor-widget elementor-widget-heading\" data-id=\"19fe82c\" data-element_type=\"widget\" data-e-type=\"widget\" data-widget_type=\"heading.default\">\n\t\t\t\t<div class=\"elementor-widget-container\">\n\t\t\t\t\t<h3 class=\"elementor-heading-title elementor-size-default\">Consultor\u00eda estrat\u00e9gica<\/h3>\t\t\t\t<\/div>\n\t\t\t\t<\/div>\n\t\t\t\t<div class=\"elementor-element elementor-element-9b9d223 elementor-widget elementor-widget-text-editor\" data-id=\"9b9d223\" data-element_type=\"widget\" data-e-type=\"widget\" data-widget_type=\"text-editor.default\">\n\t\t\t\t<div class=\"elementor-widget-container\">\n\t\t\t\t\t\t\t\t\t<p class=\"p1\">Apoyamos la planificaci\u00f3n y ejecuci\u00f3n de proyectos estrat\u00e9gicos<\/p>\t\t\t\t\t\t\t\t<\/div>\n\t\t\t\t<\/div>\n\t\t\t\t<\/div>\n\t\t\t\t\t<\/div>\n\t\t\t\t<\/div>\n\t\t<div class=\"elementor-element elementor-element-a3d9de8 e-flex e-con-boxed e-con e-parent\" data-id=\"a3d9de8\" data-element_type=\"container\" data-e-type=\"container\">\n\t\t\t\t\t<div class=\"e-con-inner\">\n\t\t<div class=\"elementor-element elementor-element-aa69649 e-con-full e-flex e-con e-child\" data-id=\"aa69649\" data-element_type=\"container\" data-e-type=\"container\">\n\t\t\t\t<div class=\"elementor-element elementor-element-c175bd9 elementor-widget elementor-widget-image\" data-id=\"c175bd9\" data-element_type=\"widget\" data-e-type=\"widget\" data-widget_type=\"image.default\">\n\t\t\t\t<div class=\"elementor-widget-container\">\n\t\t\t\t\t\t\t\t\t\t\t\t\t\t\t<img fetchpriority=\"high\" decoding=\"async\" width=\"1000\" height=\"1000\" src=\"https:\/\/sinergialocal.cat\/wp-content\/uploads\/2025\/01\/WhatsApp-Image-2025-01-07-at-15.48.19.jpeg\" class=\"attachment-large size-large wp-image-107\" alt=\"\" srcset=\"https:\/\/sinergialocal.cat\/wp-content\/uploads\/2025\/01\/WhatsApp-Image-2025-01-07-at-15.48.19.jpeg 1000w, https:\/\/sinergialocal.cat\/wp-content\/uploads\/2025\/01\/WhatsApp-Image-2025-01-07-at-15.48.19-300x300.jpeg 300w, https:\/\/sinergialocal.cat\/wp-content\/uploads\/2025\/01\/WhatsApp-Image-2025-01-07-at-15.48.19-150x150.jpeg 150w, https:\/\/sinergialocal.cat\/wp-content\/uploads\/2025\/01\/WhatsApp-Image-2025-01-07-at-15.48.19-768x768.jpeg 768w\" sizes=\"(max-width: 1000px) 100vw, 1000px\" \/>\t\t\t\t\t\t\t\t\t\t\t\t\t\t\t<\/div>\n\t\t\t\t<\/div>\n\t\t\t\t<\/div>\n\t\t<div class=\"elementor-element elementor-element-2b5a688 e-con-full e-flex e-con e-child\" data-id=\"2b5a688\" data-element_type=\"container\" data-e-type=\"container\">\n\t\t\t\t<div class=\"elementor-element elementor-element-40c9295 text-color-2 elementor-widget elementor-widget-heading\" data-id=\"40c9295\" data-element_type=\"widget\" data-e-type=\"widget\" data-widget_type=\"heading.default\">\n\t\t\t\t<div class=\"elementor-widget-container\">\n\t\t\t\t\t<h2 class=\"elementor-heading-title elementor-size-default\">Nosotros<\/h2>\t\t\t\t<\/div>\n\t\t\t\t<\/div>\n\t\t\t\t<div class=\"elementor-element elementor-element-d4755f7 elementor-widget elementor-widget-text-editor\" data-id=\"d4755f7\" data-element_type=\"widget\" data-e-type=\"widget\" data-widget_type=\"text-editor.default\">\n\t\t\t\t<div class=\"elementor-widget-container\">\n\t\t\t\t\t\t\t\t\t<p class=\"p1\">En Sinergia Local, somos una firma dedicada exclusivamente al servicio de las Administraciones P\u00fablicas y entes del Sector P\u00fablico. Trabajamos para ofrecer soluciones jur\u00eddicas y organizativas adaptadas a las necesidades de cada instituci\u00f3n que permitan gestionar de manera eficiente sus recursos y responsabilidades.<\/p><p class=\"p1\">Con m\u00e1s de 15 a\u00f1os de experiencia en el \u00e1mbito jur\u00eddico y un profundo conocimiento del marco normativo del sector p\u00fablico, nos posicionamos como un aliado de confianza para cargos electos, t\u00e9cnicos municipales, equipos directivos y personal con responsabilidades de gesti\u00f3n. Nos caracterizamos por nuestra proximidad, capacidad anal\u00edtica y compromiso con los resultados.<\/p><p class=\"p1\">Nuestro compromiso es facilitar la gesti\u00f3n p\u00fablica y garantizar el cumplimiento normativo, contribuyendo as\u00ed al buen funcionamiento de las instituciones que sirven a la ciudadan\u00eda.<\/p>\t\t\t\t\t\t\t\t<\/div>\n\t\t\t\t<\/div>\n\t\t\t\t<div class=\"elementor-element elementor-element-38f1371 button-alternatiu-2-ele elementor-widget elementor-widget-button\" data-id=\"38f1371\" data-element_type=\"widget\" data-e-type=\"widget\" data-widget_type=\"button.default\">\n\t\t\t\t<div class=\"elementor-widget-container\">\n\t\t\t\t\t\t\t\t\t<div class=\"elementor-button-wrapper\">\n\t\t\t\t\t<a class=\"elementor-button elementor-button-link elementor-size-sm\" href=\"https:\/\/sinergialocal.cat\/es\/quienes-somos\/\">\n\t\t\t\t\t\t<span class=\"elementor-button-content-wrapper\">\n\t\t\t\t\t\t\t\t\t<span class=\"elementor-button-text\">Saber m\u00e1s<\/span>\n\t\t\t\t\t<\/span>\n\t\t\t\t\t<\/a>\n\t\t\t\t<\/div>\n\t\t\t\t\t\t\t\t<\/div>\n\t\t\t\t<\/div>\n\t\t\t\t<\/div>\n\t\t\t\t\t<\/div>\n\t\t\t\t<\/div>\n\t\t<div class=\"elementor-element elementor-element-c7fa857 e-flex e-con-boxed e-con e-parent\" data-id=\"c7fa857\" data-element_type=\"container\" data-e-type=\"container\" data-settings=\"{&quot;background_background&quot;:&quot;classic&quot;}\">\n\t\t\t\t\t<div class=\"e-con-inner\">\n\t\t<div class=\"elementor-element elementor-element-a84d35c e-con-full elementor-hidden-mobile e-flex e-con e-child\" data-id=\"a84d35c\" data-element_type=\"container\" data-e-type=\"container\">\n\t\t\t\t<\/div>\n\t\t<div class=\"elementor-element elementor-element-a4f3239 e-con-full e-flex e-con e-child\" data-id=\"a4f3239\" data-element_type=\"container\" data-e-type=\"container\">\n\t\t<div class=\"elementor-element elementor-element-6a06d0c e-con-full bg-white e-flex e-con e-child\" data-id=\"6a06d0c\" data-element_type=\"container\" data-e-type=\"container\">\n\t\t\t\t<div class=\"elementor-element elementor-element-b3c164f text-color-3 elementor-widget elementor-widget-heading\" data-id=\"b3c164f\" data-element_type=\"widget\" data-e-type=\"widget\" data-widget_type=\"heading.default\">\n\t\t\t\t<div class=\"elementor-widget-container\">\n\t\t\t\t\t<h4 class=\"elementor-heading-title elementor-size-default\">+ de 15 a\u00f1os <b>de experiencia<\/b><\/h4>\t\t\t\t<\/div>\n\t\t\t\t<\/div>\n\t\t\t\t<div class=\"elementor-element elementor-element-ff543a4 text-color-2 elementor-widget elementor-widget-heading\" data-id=\"ff543a4\" data-element_type=\"widget\" data-e-type=\"widget\" data-widget_type=\"heading.default\">\n\t\t\t\t<div class=\"elementor-widget-container\">\n\t\t\t\t\t<h2 class=\"elementor-heading-title elementor-size-default\">\u00bfPor qu\u00e9 confiar en nosotros?<\/h2>\t\t\t\t<\/div>\n\t\t\t\t<\/div>\n\t\t\t\t<div class=\"elementor-element elementor-element-f7c15d7 elementor-widget elementor-widget-text-editor\" data-id=\"f7c15d7\" data-element_type=\"widget\" data-e-type=\"widget\" data-widget_type=\"text-editor.default\">\n\t\t\t\t<div class=\"elementor-widget-container\">\n\t\t\t\t\t\t\t\t\t<p class=\"p1\">En Sinergia Local Abogados, SLP, la experiencia y la especializaci\u00f3n son nuestros pilares fundamentales. Entendemos las necesidades \u00fanicas de las administraciones p\u00fablicas y adaptamos nuestros servicios a las caracter\u00edsticas y retos espec\u00edficos de cada cliente.<\/p><p class=\"p1\">Contamos con un equipo de abogados y consultores con una amplia trayectoria en derecho administrativo, funci\u00f3n p\u00fablica y consultor\u00eda jur\u00eddica para el sector p\u00fablico. Esta combinaci\u00f3n de experiencia pr\u00e1ctica y conocimiento t\u00e9cnico nos permite ofrecer soluciones con un alto valor a\u00f1adido, orientadas a resultados y con el m\u00e1ximo rigor profesional.<\/p>\t\t\t\t\t\t\t\t<\/div>\n\t\t\t\t<\/div>\n\t\t\t\t<div class=\"elementor-element elementor-element-60815cd button-alternatiu-2-ele elementor-widget elementor-widget-button\" data-id=\"60815cd\" data-element_type=\"widget\" data-e-type=\"widget\" data-widget_type=\"button.default\">\n\t\t\t\t<div class=\"elementor-widget-container\">\n\t\t\t\t\t\t\t\t\t<div class=\"elementor-button-wrapper\">\n\t\t\t\t\t<a class=\"elementor-button elementor-button-link elementor-size-sm\" href=\"https:\/\/sinergialocal.cat\/es\/contactar\/\">\n\t\t\t\t\t\t<span class=\"elementor-button-content-wrapper\">\n\t\t\t\t\t\t\t\t\t<span class=\"elementor-button-text\">Contactar<\/span>\n\t\t\t\t\t<\/span>\n\t\t\t\t\t<\/a>\n\t\t\t\t<\/div>\n\t\t\t\t\t\t\t\t<\/div>\n\t\t\t\t<\/div>\n\t\t\t\t<\/div>\n\t\t\t\t<\/div>\n\t\t\t\t\t<\/div>\n\t\t\t\t<\/div>\n\t\t\t\t<\/div>\n\t\t","protected":false},"excerpt":{"rendered":"<p>Soluciones jur\u00eddicas y organizativas para entidades p\u00fablicas Somos el socio estrat\u00e9gico que acompa\u00f1a a nuestros clientes en su crecimiento y en el afrontamiento de retos legales con un servicio cercano&#8230;<\/p>\n","protected":false},"author":1,"featured_media":0,"parent":0,"menu_order":0,"comment_status":"closed","ping_status":"closed","template":"","meta":{"footnotes":""},"class_list":["post-109","page","type-page","status-publish","hentry"],"yoast_head":"<!-- This site is optimized with the Yoast SEO plugin v26.9 - https:\/\/yoast.com\/product\/yoast-seo-wordpress\/ -->\n<title>Inicio - Sinergia Local<\/title>\n<meta name=\"robots\" content=\"index, follow, max-snippet:-1, max-image-preview:large, max-video-preview:-1\" \/>\n<link rel=\"canonical\" href=\"https:\/\/sinergialocal.cat\/es\/\" \/>\n<meta property=\"og:locale\" content=\"es_ES\" \/>\n<meta property=\"og:type\" content=\"article\" \/>\n<meta property=\"og:title\" content=\"Inicio - Sinergia Local\" \/>\n<meta property=\"og:description\" content=\"Soluciones jur\u00eddicas y organizativas para entidades p\u00fablicas Somos el socio estrat\u00e9gico que acompa\u00f1a a nuestros clientes en su crecimiento y en el afrontamiento de retos legales con un servicio cercano...\" \/>\n<meta property=\"og:url\" content=\"https:\/\/sinergialocal.cat\/es\/\" \/>\n<meta property=\"og:site_name\" content=\"Sinergia Local\" \/>\n<meta property=\"article:modified_time\" content=\"2026-03-26T15:36:43+00:00\" \/>\n<meta property=\"og:image\" content=\"https:\/\/sinergialocal.cat\/wp-content\/uploads\/2025\/01\/WhatsApp-Image-2025-01-07-at-15.48.19.jpeg\" \/>\n\t<meta property=\"og:image:width\" content=\"1000\" \/>\n\t<meta property=\"og:image:height\" content=\"1000\" \/>\n\t<meta property=\"og:image:type\" content=\"image\/jpeg\" \/>\n<meta name=\"twitter:card\" content=\"summary_large_image\" \/>\n<meta name=\"twitter:label1\" content=\"Tiempo de lectura\" \/>\n\t<meta name=\"twitter:data1\" content=\"2 minutos\" \/>\n<script type=\"application\/ld+json\" class=\"yoast-schema-graph\">{\"@context\":\"https:\/\/schema.org\",\"@graph\":[{\"@type\":\"WebPage\",\"@id\":\"https:\/\/sinergialocal.cat\/es\/\",\"url\":\"https:\/\/sinergialocal.cat\/es\/\",\"name\":\"Inicio - Sinergia Local\",\"isPartOf\":{\"@id\":\"https:\/\/sinergialocal.cat\/es\/#website\"},\"primaryImageOfPage\":{\"@id\":\"https:\/\/sinergialocal.cat\/es\/#primaryimage\"},\"image\":{\"@id\":\"https:\/\/sinergialocal.cat\/es\/#primaryimage\"},\"thumbnailUrl\":\"https:\/\/sinergialocal.cat\/wp-content\/uploads\/2025\/01\/WhatsApp-Image-2025-01-07-at-15.48.19.jpeg\",\"datePublished\":\"2025-01-07T14:14:13+00:00\",\"dateModified\":\"2026-03-26T15:36:43+00:00\",\"breadcrumb\":{\"@id\":\"https:\/\/sinergialocal.cat\/es\/#breadcrumb\"},\"inLanguage\":\"es\",\"potentialAction\":[{\"@type\":\"ReadAction\",\"target\":[\"https:\/\/sinergialocal.cat\/es\/\"]}]},{\"@type\":\"ImageObject\",\"inLanguage\":\"es\",\"@id\":\"https:\/\/sinergialocal.cat\/es\/#primaryimage\",\"url\":\"https:\/\/sinergialocal.cat\/wp-content\/uploads\/2025\/01\/WhatsApp-Image-2025-01-07-at-15.48.19.jpeg\",\"contentUrl\":\"https:\/\/sinergialocal.cat\/wp-content\/uploads\/2025\/01\/WhatsApp-Image-2025-01-07-at-15.48.19.jpeg\"},{\"@type\":\"BreadcrumbList\",\"@id\":\"https:\/\/sinergialocal.cat\/es\/#breadcrumb\",\"itemListElement\":[{\"@type\":\"ListItem\",\"position\":1,\"name\":\"Inici\",\"item\":\"https:\/\/sinergialocal.cat\/es\/inicio\/\"},{\"@type\":\"ListItem\",\"position\":2,\"name\":\"Inicio\"}]},{\"@type\":\"WebSite\",\"@id\":\"https:\/\/sinergialocal.cat\/es\/#website\",\"url\":\"https:\/\/sinergialocal.cat\/es\/\",\"name\":\"Sinergia Local\",\"description\":\"\",\"publisher\":{\"@id\":\"https:\/\/sinergialocal.cat\/es\/#organization\"},\"potentialAction\":[{\"@type\":\"SearchAction\",\"target\":{\"@type\":\"EntryPoint\",\"urlTemplate\":\"https:\/\/sinergialocal.cat\/es\/?s={search_term_string}\"},\"query-input\":{\"@type\":\"PropertyValueSpecification\",\"valueRequired\":true,\"valueName\":\"search_term_string\"}}],\"inLanguage\":\"es\"},{\"@type\":\"Organization\",\"@id\":\"https:\/\/sinergialocal.cat\/es\/#organization\",\"name\":\"Sinergia Local\",\"url\":\"https:\/\/sinergialocal.cat\/es\/\",\"logo\":{\"@type\":\"ImageObject\",\"inLanguage\":\"es\",\"@id\":\"https:\/\/sinergialocal.cat\/es\/#\/schema\/logo\/image\/\",\"url\":\"https:\/\/sinergialocal.cat\/wp-content\/uploads\/2026\/02\/logo-sinergialocal.jpg\",\"contentUrl\":\"https:\/\/sinergialocal.cat\/wp-content\/uploads\/2026\/02\/logo-sinergialocal.jpg\",\"width\":696,\"height\":113,\"caption\":\"Sinergia Local\"},\"image\":{\"@id\":\"https:\/\/sinergialocal.cat\/es\/#\/schema\/logo\/image\/\"},\"sameAs\":[\"https:\/\/linkedin.com\/company\/sinergia-local-advocats-slp\/\"]}]}<\/script>\n<!-- \/ Yoast SEO plugin. -->","yoast_head_json":{"title":"Inicio - Sinergia Local","robots":{"index":"index","follow":"follow","max-snippet":"max-snippet:-1","max-image-preview":"max-image-preview:large","max-video-preview":"max-video-preview:-1"},"canonical":"https:\/\/sinergialocal.cat\/es\/","og_locale":"es_ES","og_type":"article","og_title":"Inicio - Sinergia Local","og_description":"Soluciones jur\u00eddicas y organizativas para entidades p\u00fablicas Somos el socio estrat\u00e9gico que acompa\u00f1a a nuestros clientes en su crecimiento y en el afrontamiento de retos legales con un servicio cercano...","og_url":"https:\/\/sinergialocal.cat\/es\/","og_site_name":"Sinergia Local","article_modified_time":"2026-03-26T15:36:43+00:00","og_image":[{"width":1000,"height":1000,"url":"https:\/\/sinergialocal.cat\/wp-content\/uploads\/2025\/01\/WhatsApp-Image-2025-01-07-at-15.48.19.jpeg","type":"image\/jpeg"}],"twitter_card":"summary_large_image","twitter_misc":{"Tiempo de lectura":"2 minutos"},"schema":{"@context":"https:\/\/schema.org","@graph":[{"@type":"WebPage","@id":"https:\/\/sinergialocal.cat\/es\/","url":"https:\/\/sinergialocal.cat\/es\/","name":"Inicio - Sinergia Local","isPartOf":{"@id":"https:\/\/sinergialocal.cat\/es\/#website"},"primaryImageOfPage":{"@id":"https:\/\/sinergialocal.cat\/es\/#primaryimage"},"image":{"@id":"https:\/\/sinergialocal.cat\/es\/#primaryimage"},"thumbnailUrl":"https:\/\/sinergialocal.cat\/wp-content\/uploads\/2025\/01\/WhatsApp-Image-2025-01-07-at-15.48.19.jpeg","datePublished":"2025-01-07T14:14:13+00:00","dateModified":"2026-03-26T15:36:43+00:00","breadcrumb":{"@id":"https:\/\/sinergialocal.cat\/es\/#breadcrumb"},"inLanguage":"es","potentialAction":[{"@type":"ReadAction","target":["https:\/\/sinergialocal.cat\/es\/"]}]},{"@type":"ImageObject","inLanguage":"es","@id":"https:\/\/sinergialocal.cat\/es\/#primaryimage","url":"https:\/\/sinergialocal.cat\/wp-content\/uploads\/2025\/01\/WhatsApp-Image-2025-01-07-at-15.48.19.jpeg","contentUrl":"https:\/\/sinergialocal.cat\/wp-content\/uploads\/2025\/01\/WhatsApp-Image-2025-01-07-at-15.48.19.jpeg"},{"@type":"BreadcrumbList","@id":"https:\/\/sinergialocal.cat\/es\/#breadcrumb","itemListElement":[{"@type":"ListItem","position":1,"name":"Inici","item":"https:\/\/sinergialocal.cat\/es\/inicio\/"},{"@type":"ListItem","position":2,"name":"Inicio"}]},{"@type":"WebSite","@id":"https:\/\/sinergialocal.cat\/es\/#website","url":"https:\/\/sinergialocal.cat\/es\/","name":"Sinergia Local","description":"","publisher":{"@id":"https:\/\/sinergialocal.cat\/es\/#organization"},"potentialAction":[{"@type":"SearchAction","target":{"@type":"EntryPoint","urlTemplate":"https:\/\/sinergialocal.cat\/es\/?s={search_term_string}"},"query-input":{"@type":"PropertyValueSpecification","valueRequired":true,"valueName":"search_term_string"}}],"inLanguage":"es"},{"@type":"Organization","@id":"https:\/\/sinergialocal.cat\/es\/#organization","name":"Sinergia Local","url":"https:\/\/sinergialocal.cat\/es\/","logo":{"@type":"ImageObject","inLanguage":"es","@id":"https:\/\/sinergialocal.cat\/es\/#\/schema\/logo\/image\/","url":"https:\/\/sinergialocal.cat\/wp-content\/uploads\/2026\/02\/logo-sinergialocal.jpg","contentUrl":"https:\/\/sinergialocal.cat\/wp-content\/uploads\/2026\/02\/logo-sinergialocal.jpg","width":696,"height":113,"caption":"Sinergia Local"},"image":{"@id":"https:\/\/sinergialocal.cat\/es\/#\/schema\/logo\/image\/"},"sameAs":["https:\/\/linkedin.com\/company\/sinergia-local-advocats-slp\/"]}]}},"_links":{"self":[{"href":"https:\/\/sinergialocal.cat\/es\/wp-json\/wp\/v2\/pages\/109","targetHints":{"allow":["GET"]}}],"collection":[{"href":"https:\/\/sinergialocal.cat\/es\/wp-json\/wp\/v2\/pages"}],"about":[{"href":"https:\/\/sinergialocal.cat\/es\/wp-json\/wp\/v2\/types\/page"}],"author":[{"embeddable":true,"href":"https:\/\/sinergialocal.cat\/es\/wp-json\/wp\/v2\/users\/1"}],"replies":[{"embeddable":true,"href":"https:\/\/sinergialocal.cat\/es\/wp-json\/wp\/v2\/comments?post=109"}],"version-history":[{"count":3,"href":"https:\/\/sinergialocal.cat\/es\/wp-json\/wp\/v2\/pages\/109\/revisions"}],"predecessor-version":[{"id":129,"href":"https:\/\/sinergialocal.cat\/es\/wp-json\/wp\/v2\/pages\/109\/revisions\/129"}],"wp:attachment":[{"href":"https:\/\/sinergialocal.cat\/es\/wp-json\/wp\/v2\/media?parent=109"}],"curies":[{"name":"wp","href":"https:\/\/api.w.org\/{rel}","templated":true}]}}